{"id":3788,"date":"2019-03-18T17:28:26","date_gmt":"2019-03-18T17:28:26","guid":{"rendered":"https:\/\/bolsasysilos.com\/2019\/?page_id=3788"},"modified":"2019-03-22T15:39:48","modified_gmt":"2019-03-22T15:39:48","slug":"productos","status":"publish","type":"page","link":"https:\/\/bolsasysilos.com\/2019\/productos\/","title":{"rendered":"Productos"},"content":{"rendered":"<h2 style=\"text-align: center;\"><strong>Bolsas para silo con capacidad para 40 &#8211; 50 &#8211; 60 y 70 kilos<\/strong><\/h2>\n<h2 style=\"text-align: center;\"><strong>Pl\u00e1sticos para silos est\u00e1ticos con capacidad para 20 &#8211; 30 &#8211; 40 y 50 toneladas<\/strong><\/h2>\n<h2 style=\"text-align: center;\"><strong>Pl\u00e1sticos para invernaderos y embalses\u00a0<\/strong><\/h2>\n<h2 style=\"text-align: center;\"><strong>Todo lo relacionado con la construcci\u00f3n<\/strong><\/h2>\n<h2 style=\"text-align: center;\"><strong>Bolsas para desechos hospitalarios e institucionales en todos<\/strong><\/h2>\n<h2 style=\"text-align: center;\"><strong>Burbuja &#8211; Zuncho<\/strong><\/h2>\n<h2 style=\"text-align: center;\"><strong>Grapa &#8211; Strechst<\/strong><\/h2>\n<h2 style=\"text-align: center;\"><strong>Cart\u00f3n (Cintas)<\/strong><\/h2>\n<p>&nbsp;<\/p>\n","protected":false},"excerpt":{"rendered":"<p>Bolsas para silo con capacidad para 40 &#8211; 50 &#8211; 60 y 70 kilos Pl\u00e1sticos para silos est\u00e1ticos con capacidad para 20 &#8211; 30 &#8211; 40 y 50 toneladas Pl\u00e1sticos para invernaderos y embalses\u00a0 Todo lo relacionado con la construcci\u00f3n Bolsas para desechos hospitalarios e institucionales en todos Burbuja &#8211; Zuncho Grapa &#8211; Strechst Cart\u00f3n (Cintas) &nbsp;<\/p>\n","protected":false},"author":1,"featured_media":0,"parent":0,"menu_order":0,"comment_status":"closed","ping_status":"closed","template":"","meta":{"footnotes":""},"class_list":["post-3788","page","type-page","status-publish","hentry"],"_links":{"self":[{"href":"https:\/\/bolsasysilos.com\/2019\/wp-json\/wp\/v2\/pages\/3788","targetHints":{"allow":["GET"]}}],"collection":[{"href":"https:\/\/bolsasysilos.com\/2019\/wp-json\/wp\/v2\/pages"}],"about":[{"href":"https:\/\/bolsasysilos.com\/2019\/wp-json\/wp\/v2\/types\/page"}],"author":[{"embeddable":true,"href":"https:\/\/bolsasysilos.com\/2019\/wp-json\/wp\/v2\/users\/1"}],"replies":[{"embeddable":true,"href":"https:\/\/bolsasysilos.com\/2019\/wp-json\/wp\/v2\/comments?post=3788"}],"version-history":[{"count":4,"href":"https:\/\/bolsasysilos.com\/2019\/wp-json\/wp\/v2\/pages\/3788\/revisions"}],"predecessor-version":[{"id":3799,"href":"https:\/\/bolsasysilos.com\/2019\/wp-json\/wp\/v2\/pages\/3788\/revisions\/3799"}],"wp:attachment":[{"href":"https:\/\/bolsasysilos.com\/2019\/wp-json\/wp\/v2\/media?parent=3788"}],"curies":[{"name":"wp","href":"https:\/\/api.w.org\/{rel}","templated":true}]}}